{"id":3111,"date":"2020-01-21T09:14:28","date_gmt":"2020-01-21T09:14:28","guid":{"rendered":"https:\/\/demo.themewinter.com\/wp\/digiqole\/?page_id=3111"},"modified":"2020-01-21T09:14:28","modified_gmt":"2020-01-21T09:14:28","slug":"contact-us","status":"publish","type":"page","link":"https:\/\/nhiepanhvacongnghe.com\/index.php\/contact-us\/","title":{"rendered":"Contact us"},"content":{"rendered":"\t\t<div data-elementor-type=\"wp-page\" data-elementor-id=\"3111\" class=\"elementor elementor-3111\">\n\t\t\t\t\t\t\t\t\t<section class=\"elementor-section elementor-top-section elementor-element elementor-element-48e985e7 elementor-section-boxed elementor-section-height-default elementor-section-height-default\" data-id=\"48e985e7\" data-element_type=\"section\">\n\t\t\t\t\t\t<div class=\"elementor-container elementor-column-gap-default\">\n\t\t\t\t\t<div class=\"elementor-column elementor-col-100 elementor-top-column elementor-element elementor-element-50dab4c\" data-id=\"50dab4c\" data-element_type=\"column\">\n\t\t\t<div class=\"elementor-widget-wrap elementor-element-populated\">\n\t\t\t\t\t\t\t\t<div class=\"elementor-element elementor-element-6b18228c elementor-widget elementor-widget-newszone-title\" data-id=\"6b18228c\" data-element_type=\"widget\" data-widget_type=\"newszone-title.default\">\n\t\t\t\t<div class=\"elementor-widget-container\">\n\t\t\t                    <div class=\"section-heading heading-style3\">\n            <h2 class=\"block-title\">\n                <span class=\"title-angle-shap\">\n                     office locations                <\/span>\n            <\/h2>\n         <\/div>\n\n\n        \n     \n    \t\t<\/div>\n\t\t\t\t<\/div>\n\t\t\t\t\t<\/div>\n\t\t<\/div>\n\t\t\t\t\t\t\t<\/div>\n\t\t<\/section>\n\t\t\t\t<section class=\"elementor-section elementor-top-section elementor-element elementor-element-1aec792a elementor-section-boxed elementor-section-height-default elementor-section-height-default\" data-id=\"1aec792a\" data-element_type=\"section\">\n\t\t\t\t\t\t<div class=\"elementor-container elementor-column-gap-default\">\n\t\t\t\t\t<div class=\"elementor-column elementor-col-25 elementor-top-column elementor-element elementor-element-4378ebae\" data-id=\"4378ebae\" data-element_type=\"column\">\n\t\t\t<div class=\"elementor-widget-wrap elementor-element-populated\">\n\t\t\t\t\t\t\t\t<div class=\"elementor-element elementor-element-6d5bcbb8 ekit-equal-height-disable elementor-widget elementor-widget-elementskit-icon-box\" data-id=\"6d5bcbb8\" data-element_type=\"widget\" data-widget_type=\"elementskit-icon-box.default\">\n\t\t\t\t<div class=\"elementor-widget-container\">\n\t\t\t<div class=\"ekit-wid-con\" >        <!-- link opening -->\n                <!-- end link opening -->\n\n        <div class=\"elementskit-infobox text- text-left icon-lef-right-aligin elementor-animation- media  \">\n                    <div class=\"elementskit-box-header elementor-animation-\">\n                <div class=\"elementskit-info-box-icon  text-center\">\n                    <i aria-hidden=\"true\" class=\"elementkit-infobox-icon ts-icon ts-icon-square-full\"><\/i>\n                <\/div>\n          <\/div>\n                        <div class=\"box-body\">\n                        \t\t  <p>5737 Mesmer Ave.\nLos Angeles, CA 90230\n(310) 391-2245<\/p>\n                                <\/div>\n        \n        \n                <\/div>\n        <\/div>\t\t<\/div>\n\t\t\t\t<\/div>\n\t\t\t\t\t<\/div>\n\t\t<\/div>\n\t\t\t\t<div class=\"elementor-column elementor-col-25 elementor-top-column elementor-element elementor-element-1e70568f\" data-id=\"1e70568f\" data-element_type=\"column\">\n\t\t\t<div class=\"elementor-widget-wrap elementor-element-populated\">\n\t\t\t\t\t\t\t\t<div class=\"elementor-element elementor-element-1bc07db0 ekit-equal-height-disable elementor-widget elementor-widget-elementskit-icon-box\" data-id=\"1bc07db0\" data-element_type=\"widget\" data-widget_type=\"elementskit-icon-box.default\">\n\t\t\t\t<div class=\"elementor-widget-container\">\n\t\t\t<div class=\"ekit-wid-con\" >        <!-- link opening -->\n                <!-- end link opening -->\n\n        <div class=\"elementskit-infobox text- text-left icon-lef-right-aligin elementor-animation- media  \">\n                    <div class=\"elementskit-box-header elementor-animation-\">\n                <div class=\"elementskit-info-box-icon  text-center\">\n                    <i aria-hidden=\"true\" class=\"elementkit-infobox-icon ts-icon ts-icon-square-full\"><\/i>\n                <\/div>\n          <\/div>\n                        <div class=\"box-body\">\n                        \t\t  <p>1747 Connecticut Ave.\nWashington, DC 20009\n(202) 986-0916<\/p>\n                                <\/div>\n        \n        \n                <\/div>\n        <\/div>\t\t<\/div>\n\t\t\t\t<\/div>\n\t\t\t\t\t<\/div>\n\t\t<\/div>\n\t\t\t\t<div class=\"elementor-column elementor-col-25 elementor-top-column elementor-element elementor-element-7f6f51cb\" data-id=\"7f6f51cb\" data-element_type=\"column\">\n\t\t\t<div class=\"elementor-widget-wrap elementor-element-populated\">\n\t\t\t\t\t\t\t\t<div class=\"elementor-element elementor-element-33f1efbe ekit-equal-height-disable elementor-widget elementor-widget-elementskit-icon-box\" data-id=\"33f1efbe\" data-element_type=\"widget\" data-widget_type=\"elementskit-icon-box.default\">\n\t\t\t\t<div class=\"elementor-widget-container\">\n\t\t\t<div class=\"ekit-wid-con\" >        <!-- link opening -->\n                <!-- end link opening -->\n\n        <div class=\"elementskit-infobox text- text-left icon-lef-right-aligin elementor-animation- media  \">\n                    <div class=\"elementskit-box-header elementor-animation-\">\n                <div class=\"elementskit-info-box-icon  text-center\">\n                    <i aria-hidden=\"true\" class=\"elementkit-infobox-icon ts-icon ts-icon-square-full\"><\/i>\n                <\/div>\n          <\/div>\n                        <div class=\"box-body\">\n                        \t\t  <p>666 Broadway, 11th Floor\nNew York, NY 10012\n(212) 420-5720<\/p>\n                                <\/div>\n        \n        \n                <\/div>\n        <\/div>\t\t<\/div>\n\t\t\t\t<\/div>\n\t\t\t\t\t<\/div>\n\t\t<\/div>\n\t\t\t\t<div class=\"elementor-column elementor-col-25 elementor-top-column elementor-element elementor-element-b152d3b\" data-id=\"b152d3b\" data-element_type=\"column\">\n\t\t\t<div class=\"elementor-widget-wrap elementor-element-populated\">\n\t\t\t\t\t\t\t\t<div class=\"elementor-element elementor-element-7ce0a939 ekit-equal-height-disable elementor-widget elementor-widget-elementskit-icon-box\" data-id=\"7ce0a939\" data-element_type=\"widget\" data-widget_type=\"elementskit-icon-box.default\">\n\t\t\t\t<div class=\"elementor-widget-container\">\n\t\t\t<div class=\"ekit-wid-con\" >        <!-- link opening -->\n                <!-- end link opening -->\n\n        <div class=\"elementskit-infobox text- text-left icon-lef-right-aligin elementor-animation- media  \">\n                    <div class=\"elementskit-box-header elementor-animation-\">\n                <div class=\"elementskit-info-box-icon  text-center\">\n                    <i aria-hidden=\"true\" class=\"elementkit-infobox-icon ts-icon ts-icon-square-full\"><\/i>\n                <\/div>\n          <\/div>\n                        <div class=\"box-body\">\n                        \t\t  <p>2300 E. Imperial Highway\nEl Segundo, CA 90245\n(213) 283-2274<\/p>\n                                <\/div>\n        \n        \n                <\/div>\n        <\/div>\t\t<\/div>\n\t\t\t\t<\/div>\n\t\t\t\t\t<\/div>\n\t\t<\/div>\n\t\t\t\t\t\t\t<\/div>\n\t\t<\/section>\n\t\t\t\t<section class=\"elementor-section elementor-top-section elementor-element elementor-element-21651b44 elementor-section-boxed elementor-section-height-default elementor-section-height-default\" data-id=\"21651b44\" data-element_type=\"section\">\n\t\t\t\t\t\t<div class=\"elementor-container elementor-column-gap-default\">\n\t\t\t\t\t<div class=\"elementor-column elementor-col-100 elementor-top-column elementor-element elementor-element-12dfbfaa\" data-id=\"12dfbfaa\" data-element_type=\"column\">\n\t\t\t<div class=\"elementor-widget-wrap elementor-element-populated\">\n\t\t\t\t\t\t\t\t<div class=\"elementor-element elementor-element-74c72705 elementor-widget elementor-widget-newszone-title\" data-id=\"74c72705\" data-element_type=\"widget\" data-widget_type=\"newszone-title.default\">\n\t\t\t\t<div class=\"elementor-widget-container\">\n\t\t\t                    <div class=\"section-heading heading-style3\">\n            <h2 class=\"block-title\">\n                <span class=\"title-angle-shap\">\n                     editorial contacts                <\/span>\n            <\/h2>\n         <\/div>\n\n\n        \n     \n    \t\t<\/div>\n\t\t\t\t<\/div>\n\t\t\t\t\t<\/div>\n\t\t<\/div>\n\t\t\t\t\t\t\t<\/div>\n\t\t<\/section>\n\t\t\t\t<section class=\"elementor-section elementor-top-section elementor-element elementor-element-31be3de4 elementor-section-boxed elementor-section-height-default elementor-section-height-default\" data-id=\"31be3de4\" data-element_type=\"section\">\n\t\t\t\t\t\t<div class=\"elementor-container elementor-column-gap-default\">\n\t\t\t\t\t<div class=\"elementor-column elementor-col-25 elementor-top-column elementor-element elementor-element-7eb2de48\" data-id=\"7eb2de48\" data-element_type=\"column\">\n\t\t\t<div class=\"elementor-widget-wrap elementor-element-populated\">\n\t\t\t\t\t\t\t\t<div class=\"elementor-element elementor-element-2330b56e ekit-equal-height-disable elementor-widget elementor-widget-elementskit-icon-box\" data-id=\"2330b56e\" data-element_type=\"widget\" data-widget_type=\"elementskit-icon-box.default\">\n\t\t\t\t<div class=\"elementor-widget-container\">\n\t\t\t<div class=\"ekit-wid-con\" >        <!-- link opening -->\n                <!-- end link opening -->\n\n        <div class=\"elementskit-infobox text- text-left icon-lef-right-aligin elementor-animation- media  \">\n                    <div class=\"elementskit-box-header elementor-animation-\">\n                <div class=\"elementskit-info-box-icon  text-center\">\n                    <i aria-hidden=\"true\" class=\"elementkit-infobox-icon ts-icon ts-icon-square-full\"><\/i>\n                <\/div>\n          <\/div>\n                        <div class=\"box-body\">\n                        \t\t  <p>Website technical issues:\n(310) 391-2241\nxample@turitor.com<\/p>\n                                <\/div>\n        \n        \n                <\/div>\n        <\/div>\t\t<\/div>\n\t\t\t\t<\/div>\n\t\t\t\t\t<\/div>\n\t\t<\/div>\n\t\t\t\t<div class=\"elementor-column elementor-col-25 elementor-top-column elementor-element elementor-element-549b9fe8\" data-id=\"549b9fe8\" data-element_type=\"column\">\n\t\t\t<div class=\"elementor-widget-wrap elementor-element-populated\">\n\t\t\t\t\t\t\t\t<div class=\"elementor-element elementor-element-31d1a1aa ekit-equal-height-disable elementor-widget elementor-widget-elementskit-icon-box\" data-id=\"31d1a1aa\" data-element_type=\"widget\" data-widget_type=\"elementskit-icon-box.default\">\n\t\t\t\t<div class=\"elementor-widget-container\">\n\t\t\t<div class=\"ekit-wid-con\" >        <!-- link opening -->\n                <!-- end link opening -->\n\n        <div class=\"elementskit-infobox text- text-left icon-lef-right-aligin elementor-animation- media  \">\n                    <div class=\"elementskit-box-header elementor-animation-\">\n                <div class=\"elementskit-info-box-icon  text-center\">\n                    <i aria-hidden=\"true\" class=\"elementkit-infobox-icon ts-icon ts-icon-square-full\"><\/i>\n                <\/div>\n          <\/div>\n                        <div class=\"box-body\">\n                        \t\t  <p>Submissions and pitches:\n(310) 391-2242\nxample@turitor.com<\/p>\n                                <\/div>\n        \n        \n                <\/div>\n        <\/div>\t\t<\/div>\n\t\t\t\t<\/div>\n\t\t\t\t\t<\/div>\n\t\t<\/div>\n\t\t\t\t<div class=\"elementor-column elementor-col-25 elementor-top-column elementor-element elementor-element-7bd10e8\" data-id=\"7bd10e8\" data-element_type=\"column\">\n\t\t\t<div class=\"elementor-widget-wrap elementor-element-populated\">\n\t\t\t\t\t\t\t\t<div class=\"elementor-element elementor-element-268d7e80 ekit-equal-height-disable elementor-widget elementor-widget-elementskit-icon-box\" data-id=\"268d7e80\" data-element_type=\"widget\" data-widget_type=\"elementskit-icon-box.default\">\n\t\t\t\t<div class=\"elementor-widget-container\">\n\t\t\t<div class=\"ekit-wid-con\" >        <!-- link opening -->\n                <!-- end link opening -->\n\n        <div class=\"elementskit-infobox text- text-left icon-lef-right-aligin elementor-animation- media  \">\n                    <div class=\"elementskit-box-header elementor-animation-\">\n                <div class=\"elementskit-info-box-icon  text-center\">\n                    <i aria-hidden=\"true\" class=\"elementkit-infobox-icon ts-icon ts-icon-square-full\"><\/i>\n                <\/div>\n          <\/div>\n                        <div class=\"box-body\">\n                        \t\t  <p>Media inquiries:\n(310) 391-2243\nxample@turitor.com<\/p>\n                                <\/div>\n        \n        \n                <\/div>\n        <\/div>\t\t<\/div>\n\t\t\t\t<\/div>\n\t\t\t\t\t<\/div>\n\t\t<\/div>\n\t\t\t\t<div class=\"elementor-column elementor-col-25 elementor-top-column elementor-element elementor-element-27f5137e\" data-id=\"27f5137e\" data-element_type=\"column\">\n\t\t\t<div class=\"elementor-widget-wrap elementor-element-populated\">\n\t\t\t\t\t\t\t\t<div class=\"elementor-element elementor-element-5f428eb7 ekit-equal-height-disable elementor-widget elementor-widget-elementskit-icon-box\" data-id=\"5f428eb7\" data-element_type=\"widget\" data-widget_type=\"elementskit-icon-box.default\">\n\t\t\t\t<div class=\"elementor-widget-container\">\n\t\t\t<div class=\"ekit-wid-con\" >        <!-- link opening -->\n                <!-- end link opening -->\n\n        <div class=\"elementskit-infobox text- text-left icon-lef-right-aligin elementor-animation- media  \">\n                    <div class=\"elementskit-box-header elementor-animation-\">\n                <div class=\"elementskit-info-box-icon  text-center\">\n                    <i aria-hidden=\"true\" class=\"elementkit-infobox-icon ts-icon ts-icon-square-full\"><\/i>\n                <\/div>\n          <\/div>\n                        <div class=\"box-body\">\n                        \t\t  <p>Advertising :\n(310) 391-2244\nxample@turitor.com<\/p>\n                                <\/div>\n        \n        \n                <\/div>\n        <\/div>\t\t<\/div>\n\t\t\t\t<\/div>\n\t\t\t\t\t<\/div>\n\t\t<\/div>\n\t\t\t\t\t\t\t<\/div>\n\t\t<\/section>\n\t\t\t\t<section class=\"elementor-section elementor-top-section elementor-element elementor-element-59a2cecb elementor-section-boxed elementor-section-height-default elementor-section-height-default\" data-id=\"59a2cecb\" data-element_type=\"section\">\n\t\t\t\t\t\t<div class=\"elementor-container elementor-column-gap-default\">\n\t\t\t\t\t<div class=\"elementor-column elementor-col-100 elementor-top-column elementor-element elementor-element-7be1687f\" data-id=\"7be1687f\" data-element_type=\"column\">\n\t\t\t<div class=\"elementor-widget-wrap elementor-element-populated\">\n\t\t\t\t\t\t\t\t<div class=\"elementor-element elementor-element-295b31fc elementor-widget elementor-widget-google_maps\" data-id=\"295b31fc\" data-element_type=\"widget\" data-widget_type=\"google_maps.default\">\n\t\t\t\t<div class=\"elementor-widget-container\">\n\t\t\t<style>\/*! elementor - v3.8.0 - 30-10-2022 *\/\n.elementor-widget-google_maps .elementor-widget-container{overflow:hidden}.elementor-widget-google_maps iframe{height:300px}<\/style>\t\t<div class=\"elementor-custom-embed\">\n\t\t\t<iframe frameborder=\"0\" scrolling=\"no\" marginheight=\"0\" marginwidth=\"0\"\n\t\t\t\t\tsrc=\"https:\/\/maps.google.com\/maps?q=London%20Eye%2C%20London%2C%20United%20Kingdom&#038;t=m&#038;z=10&#038;output=embed&#038;iwloc=near\"\n\t\t\t\t\ttitle=\"London Eye, London, United Kingdom\"\n\t\t\t\t\taria-label=\"London Eye, London, United Kingdom\"\n\t\t\t><\/iframe>\n\t\t<\/div>\n\t\t\t\t<\/div>\n\t\t\t\t<\/div>\n\t\t\t\t\t<\/div>\n\t\t<\/div>\n\t\t\t\t\t\t\t<\/div>\n\t\t<\/section>\n\t\t\t\t\t\t\t<\/div>\n\t\t","protected":false},"excerpt":{"rendered":"<p>office locations 5737 Mesmer Ave. Los Angeles, CA 90230 (310) 391-2245 1747 Connecticut Ave. Washington, DC 20009 (202) 986-0916 666 Broadway, 11th Floor New York, NY 10012 (212) 420-5720 2300 E. Imperial Highway El Segundo, CA 90245 (213) 283-2274 editorial contacts Website technical issues: (310) 391-2241 xample@turitor.com Submissions and pitches: (310) 391-2242 xample@turitor.com Media inquiries: [&hellip;]<\/p>\n","protected":false},"author":1,"featured_media":0,"parent":0,"menu_order":0,"comment_status":"closed","ping_status":"closed","template":"elementor_header_footer","meta":{"footnotes":""},"class_list":["post-3111","page","type-page","status-publish","hentry"],"yoast_head":"<!-- This site is optimized with the Yoast SEO plugin v27.5 - https:\/\/yoast.com\/product\/yoast-seo-wordpress\/ -->\n<title>Contact us - Nhi\u1ebfp \u1ea2nh V\u00e0 C\u00f4ng Ngh\u1ec7<\/title>\n<meta name=\"robots\" content=\"index, follow, max-snippet:-1, max-image-preview:large, max-video-preview:-1\" \/>\n<link rel=\"canonical\" href=\"https:\/\/nhiepanhvacongnghe.com\/index.php\/contact-us\/\" \/>\n<meta property=\"og:locale\" content=\"vi_VN\" \/>\n<meta property=\"og:type\" content=\"article\" \/>\n<meta property=\"og:title\" content=\"Contact us - Nhi\u1ebfp \u1ea2nh V\u00e0 C\u00f4ng Ngh\u1ec7\" \/>\n<meta property=\"og:description\" content=\"office locations 5737 Mesmer Ave. Los Angeles, CA 90230 (310) 391-2245 1747 Connecticut Ave. Washington, DC 20009 (202) 986-0916 666 Broadway, 11th Floor New York, NY 10012 (212) 420-5720 2300 E. Imperial Highway El Segundo, CA 90245 (213) 283-2274 editorial contacts Website technical issues: (310) 391-2241 xample@turitor.com Submissions and pitches: (310) 391-2242 xample@turitor.com Media inquiries: [&hellip;]\" \/>\n<meta property=\"og:url\" content=\"https:\/\/nhiepanhvacongnghe.com\/index.php\/contact-us\/\" \/>\n<meta property=\"og:site_name\" content=\"Nhi\u1ebfp \u1ea2nh V\u00e0 C\u00f4ng Ngh\u1ec7\" \/>\n<meta name=\"twitter:card\" content=\"summary_large_image\" \/>\n<script type=\"application\/ld+json\" class=\"yoast-schema-graph\">{\"@context\":\"https:\\\/\\\/schema.org\",\"@graph\":[{\"@type\":\"WebPage\",\"@id\":\"https:\\\/\\\/nhiepanhvacongnghe.com\\\/index.php\\\/contact-us\\\/\",\"url\":\"https:\\\/\\\/nhiepanhvacongnghe.com\\\/index.php\\\/contact-us\\\/\",\"name\":\"Contact us - Nhi\u1ebfp \u1ea2nh V\u00e0 C\u00f4ng Ngh\u1ec7\",\"isPartOf\":{\"@id\":\"https:\\\/\\\/nhiepanhvacongnghe.com\\\/#website\"},\"datePublished\":\"2020-01-21T09:14:28+00:00\",\"breadcrumb\":{\"@id\":\"https:\\\/\\\/nhiepanhvacongnghe.com\\\/index.php\\\/contact-us\\\/#breadcrumb\"},\"inLanguage\":\"vi\",\"potentialAction\":[{\"@type\":\"ReadAction\",\"target\":[\"https:\\\/\\\/nhiepanhvacongnghe.com\\\/index.php\\\/contact-us\\\/\"]}]},{\"@type\":\"BreadcrumbList\",\"@id\":\"https:\\\/\\\/nhiepanhvacongnghe.com\\\/index.php\\\/contact-us\\\/#breadcrumb\",\"itemListElement\":[{\"@type\":\"ListItem\",\"position\":1,\"name\":\"Trang ch\u1ee7\",\"item\":\"https:\\\/\\\/nhiepanhvacongnghe.com\\\/\"},{\"@type\":\"ListItem\",\"position\":2,\"name\":\"Contact us\"}]},{\"@type\":\"WebSite\",\"@id\":\"https:\\\/\\\/nhiepanhvacongnghe.com\\\/#website\",\"url\":\"https:\\\/\\\/nhiepanhvacongnghe.com\\\/\",\"name\":\"Nhi\u1ebfp \u1ea2nh V\u00e0 C\u00f4ng Ngh\u1ec7\",\"description\":\"Website c\u1eadp nh\u1eadt tin t\u1ee9c v\u00e0 thi\u1ebft b\u1ecb trong l\u0129nh v\u1ef1c nhi\u1ebfp \u1ea3nh v\u00e0 c\u00f4ng ngh\u1ec7 KTS.\",\"alternateName\":\"Nhi\u1ebfp \u1ea2nh V\u00e0 C\u00f4ng Ngh\u00ea\",\"potentialAction\":[{\"@type\":\"SearchAction\",\"target\":{\"@type\":\"EntryPoint\",\"urlTemplate\":\"https:\\\/\\\/nhiepanhvacongnghe.com\\\/?s={search_term_string}\"},\"query-input\":{\"@type\":\"PropertyValueSpecification\",\"valueRequired\":true,\"valueName\":\"search_term_string\"}}],\"inLanguage\":\"vi\"}]}<\/script>\n<!-- \/ Yoast SEO plugin. -->","yoast_head_json":{"title":"Contact us - Nhi\u1ebfp \u1ea2nh V\u00e0 C\u00f4ng Ngh\u1ec7","robots":{"index":"index","follow":"follow","max-snippet":"max-snippet:-1","max-image-preview":"max-image-preview:large","max-video-preview":"max-video-preview:-1"},"canonical":"https:\/\/nhiepanhvacongnghe.com\/index.php\/contact-us\/","og_locale":"vi_VN","og_type":"article","og_title":"Contact us - Nhi\u1ebfp \u1ea2nh V\u00e0 C\u00f4ng Ngh\u1ec7","og_description":"office locations 5737 Mesmer Ave. Los Angeles, CA 90230 (310) 391-2245 1747 Connecticut Ave. Washington, DC 20009 (202) 986-0916 666 Broadway, 11th Floor New York, NY 10012 (212) 420-5720 2300 E. Imperial Highway El Segundo, CA 90245 (213) 283-2274 editorial contacts Website technical issues: (310) 391-2241 xample@turitor.com Submissions and pitches: (310) 391-2242 xample@turitor.com Media inquiries: [&hellip;]","og_url":"https:\/\/nhiepanhvacongnghe.com\/index.php\/contact-us\/","og_site_name":"Nhi\u1ebfp \u1ea2nh V\u00e0 C\u00f4ng Ngh\u1ec7","twitter_card":"summary_large_image","schema":{"@context":"https:\/\/schema.org","@graph":[{"@type":"WebPage","@id":"https:\/\/nhiepanhvacongnghe.com\/index.php\/contact-us\/","url":"https:\/\/nhiepanhvacongnghe.com\/index.php\/contact-us\/","name":"Contact us - Nhi\u1ebfp \u1ea2nh V\u00e0 C\u00f4ng Ngh\u1ec7","isPartOf":{"@id":"https:\/\/nhiepanhvacongnghe.com\/#website"},"datePublished":"2020-01-21T09:14:28+00:00","breadcrumb":{"@id":"https:\/\/nhiepanhvacongnghe.com\/index.php\/contact-us\/#breadcrumb"},"inLanguage":"vi","potentialAction":[{"@type":"ReadAction","target":["https:\/\/nhiepanhvacongnghe.com\/index.php\/contact-us\/"]}]},{"@type":"BreadcrumbList","@id":"https:\/\/nhiepanhvacongnghe.com\/index.php\/contact-us\/#breadcrumb","itemListElement":[{"@type":"ListItem","position":1,"name":"Trang ch\u1ee7","item":"https:\/\/nhiepanhvacongnghe.com\/"},{"@type":"ListItem","position":2,"name":"Contact us"}]},{"@type":"WebSite","@id":"https:\/\/nhiepanhvacongnghe.com\/#website","url":"https:\/\/nhiepanhvacongnghe.com\/","name":"Nhi\u1ebfp \u1ea2nh V\u00e0 C\u00f4ng Ngh\u1ec7","description":"Website c\u1eadp nh\u1eadt tin t\u1ee9c v\u00e0 thi\u1ebft b\u1ecb trong l\u0129nh v\u1ef1c nhi\u1ebfp \u1ea3nh v\u00e0 c\u00f4ng ngh\u1ec7 KTS.","alternateName":"Nhi\u1ebfp \u1ea2nh V\u00e0 C\u00f4ng Ngh\u00ea","potentialAction":[{"@type":"SearchAction","target":{"@type":"EntryPoint","urlTemplate":"https:\/\/nhiepanhvacongnghe.com\/?s={search_term_string}"},"query-input":{"@type":"PropertyValueSpecification","valueRequired":true,"valueName":"search_term_string"}}],"inLanguage":"vi"}]}},"_links":{"self":[{"href":"https:\/\/nhiepanhvacongnghe.com\/index.php\/wp-json\/wp\/v2\/pages\/3111","targetHints":{"allow":["GET"]}}],"collection":[{"href":"https:\/\/nhiepanhvacongnghe.com\/index.php\/wp-json\/wp\/v2\/pages"}],"about":[{"href":"https:\/\/nhiepanhvacongnghe.com\/index.php\/wp-json\/wp\/v2\/types\/page"}],"author":[{"embeddable":true,"href":"https:\/\/nhiepanhvacongnghe.com\/index.php\/wp-json\/wp\/v2\/users\/1"}],"replies":[{"embeddable":true,"href":"https:\/\/nhiepanhvacongnghe.com\/index.php\/wp-json\/wp\/v2\/comments?post=3111"}],"version-history":[{"count":0,"href":"https:\/\/nhiepanhvacongnghe.com\/index.php\/wp-json\/wp\/v2\/pages\/3111\/revisions"}],"wp:attachment":[{"href":"https:\/\/nhiepanhvacongnghe.com\/index.php\/wp-json\/wp\/v2\/media?parent=3111"}],"curies":[{"name":"wp","href":"https:\/\/api.w.org\/{rel}","templated":true}]}}